{"id":114,"date":"2026-05-04T17:54:45","date_gmt":"2026-05-04T17:54:45","guid":{"rendered":"https:\/\/urho.org\/?page_id=114"},"modified":"2026-05-04T17:54:45","modified_gmt":"2026-05-04T17:54:45","slug":"radio-urho","status":"publish","type":"page","link":"https:\/\/urho.org\/?page_id=114","title":{"rendered":"Radio Urho"},"content":{"rendered":"\n<p class=\"has-medium-font-size\">Radio Urho esittelee Urhon tuotantoa vuosien varrelta. Soittolistalta l\u00f6ytyy makupaloja b\u00e4ndin alkutaipaleelta l\u00e4htien uudempiin taltiointeihin. Klikkaa ja kuuntele!<\/p>\n\n\n\n<p class=\"has-medium-font-size\">Mustavalkoinen (albumilta Aikahyppy -2017)<\/p>\n\n\n\n<figure class=\"wp-block-audio\"><audio controls src=\"https:\/\/urho.org\/wp-content\/uploads\/2026\/05\/Mustavalkoinen.mp3\"><\/audio><\/figure>\n\n\n\n<p class=\"has-medium-font-size\">Juhlat (albumilta Urho -1999)<\/p>\n\n\n\n<figure class=\"wp-block-audio\"><audio controls src=\"https:\/\/urho.org\/wp-content\/uploads\/2026\/05\/Juhlat.mp3\"><\/audio><\/figure>\n\n\n\n<p class=\"has-medium-font-size\">Kotiin (albumilta Kotiin -2009)<\/p>\n\n\n\n<figure class=\"wp-block-audio\"><audio controls src=\"https:\/\/urho.org\/wp-content\/uploads\/2026\/05\/Kotiin.mp3\"><\/audio><\/figure>\n\n\n\n<p class=\"has-medium-font-size\">Mielisielut (albumilta Urho -1999)<\/p>\n\n\n\n<figure class=\"wp-block-audio\"><audio controls src=\"https:\/\/urho.org\/wp-content\/uploads\/2026\/05\/Mielisielut.mp3\"><\/audio><\/figure>\n\n\n\n<p class=\"has-medium-font-size\">Meduusa (albumilta Urho vol.2 -2000)<\/p>\n\n\n\n<figure class=\"wp-block-audio\"><audio controls src=\"https:\/\/urho.org\/wp-content\/uploads\/2026\/05\/Meduusa.mp3\"><\/audio><\/figure>\n\n\n\n<figure class=\"wp-block-image size-large\"><img loading=\"lazy\" decoding=\"async\" width=\"1024\" height=\"124\" src=\"https:\/\/urho.org\/wp-content\/uploads\/2026\/05\/urhowidepic3-1024x124.jpg\" alt=\"\" class=\"wp-image-39\" srcset=\"https:\/\/urho.org\/wp-content\/uploads\/2026\/05\/urhowidepic3-1024x124.jpg 1024w, https:\/\/urho.org\/wp-content\/uploads\/2026\/05\/urhowidepic3-300x36.jpg 300w, https:\/\/urho.org\/wp-content\/uploads\/2026\/05\/urhowidepic3-768x93.jpg 768w, https:\/\/urho.org\/wp-content\/uploads\/2026\/05\/urhowidepic3-1536x186.jpg 1536w, https:\/\/urho.org\/wp-content\/uploads\/2026\/05\/urhowidepic3-2048x247.jpg 2048w\" sizes=\"auto, (max-width: 1024px) 100vw, 1024px\" \/><\/figure>\n\n\n\n<p class=\"has-small-font-size\">\u00a9<em>\u00a0<\/em>Urho 2003 &#8211; 2026<\/p>\n","protected":false},"excerpt":{"rendered":"<p>Radio Urho esittelee Urhon tuotantoa vuosien varrelta. Soittolistalta l\u00f6ytyy makupaloja b\u00e4ndin alkutaipaleelta l\u00e4htien uudempiin taltiointeihin. Klikkaa ja kuuntele! Mustavalkoinen (albumilta Aikahyppy -2017) Juhlat (albumilta Urho -1999) Kotiin (albumilta Kotiin -2009) Mielisielut (albumilta Urho -1999) Meduusa (albumilta Urho vol.2 -2000) \u00a9\u00a0Urho 2003 &#8211; 2026<\/p>\n","protected":false},"author":1,"featured_media":0,"parent":0,"menu_order":0,"comment_status":"closed","ping_status":"closed","template":"","meta":{"footnotes":""},"class_list":["post-114","page","type-page","status-publish","hentry"],"_links":{"self":[{"href":"https:\/\/urho.org\/index.php?rest_route=\/wp\/v2\/pages\/114","targetHints":{"allow":["GET"]}}],"collection":[{"href":"https:\/\/urho.org\/index.php?rest_route=\/wp\/v2\/pages"}],"about":[{"href":"https:\/\/urho.org\/index.php?rest_route=\/wp\/v2\/types\/page"}],"author":[{"embeddable":true,"href":"https:\/\/urho.org\/index.php?rest_route=\/wp\/v2\/users\/1"}],"replies":[{"embeddable":true,"href":"https:\/\/urho.org\/index.php?rest_route=%2Fwp%2Fv2%2Fcomments&post=114"}],"version-history":[{"count":3,"href":"https:\/\/urho.org\/index.php?rest_route=\/wp\/v2\/pages\/114\/revisions"}],"predecessor-version":[{"id":117,"href":"https:\/\/urho.org\/index.php?rest_route=\/wp\/v2\/pages\/114\/revisions\/117"}],"wp:attachment":[{"href":"https:\/\/urho.org\/index.php?rest_route=%2Fwp%2Fv2%2Fmedia&parent=114"}],"curies":[{"name":"wp","href":"https:\/\/api.w.org\/{rel}","templated":true}]}}