{"id":90,"date":"2026-05-04T16:58:27","date_gmt":"2026-05-04T16:58:27","guid":{"rendered":"https:\/\/urho.org\/?page_id=90"},"modified":"2026-05-04T18:44:37","modified_gmt":"2026-05-04T18:44:37","slug":"bandi","status":"publish","type":"page","link":"https:\/\/urho.org\/?page_id=90","title":{"rendered":"B\u00e4ndi"},"content":{"rendered":"\n<div class=\"wp-block-columns is-layout-flex wp-container-core-columns-is-layout-28f84493 wp-block-columns-is-layout-flex\">\n<div class=\"wp-block-column is-layout-flow wp-block-column-is-layout-flow\">\n<p class=\"has-medium-font-size\">Urho perustettiin vuonna 1996, kun sukulaissielut Markku, Tomi, Satu ja Pasi-Pekka Rossi aloittivat yhteisen musiikillisen taipaleen Kouvolassa Alusta alkaen b\u00e4ndi p\u00e4\u00e4tti keskitty\u00e4 oman musiikin tekemiseen ja soittamiseen ja vaikka b\u00e4ndi on ajoittain ottanut repertuaariinsa my\u00f6s lainabiisej\u00e4, oma materiaali on pysynyt soiton ytimess\u00e4 kaikki vuodet. Tyylisuunnissa kuuluu b\u00e4ndin moninaiset vaikutteet niin rockin, bluesin, progen, jazzin kuin vaikkapa folkin alueilta. Monet biisit ovat l\u00e4ht\u00f6isin yhteisist\u00e4 jameista, vaikka valmiimpiakin s\u00e4vellysaihioita b\u00e4ndin j\u00e4senet silloin t\u00e4ll\u00f6in treeneihin tuovat.<\/p>\n\n\n\n<div class=\"wp-block-columns is-layout-flex wp-container-core-columns-is-layout-28f84493 wp-block-columns-is-layout-flex\">\n<div class=\"wp-block-column is-layout-flow wp-block-column-is-layout-flow\" style=\"flex-basis:33.33%\"><\/div>\n\n\n\n<div class=\"wp-block-column is-layout-flow wp-block-column-is-layout-flow\" style=\"flex-basis:66.66%\"><\/div>\n<\/div>\n<\/div>\n\n\n\n<div class=\"wp-block-column is-layout-flow wp-block-column-is-layout-flow\">\n<figure class=\"wp-block-image size-large\"><img loading=\"lazy\" decoding=\"async\" width=\"839\" height=\"1024\" src=\"https:\/\/urho.org\/wp-content\/uploads\/2026\/05\/urho_julistepic_clip-839x1024.jpg\" alt=\"\" class=\"wp-image-30\" srcset=\"https:\/\/urho.org\/wp-content\/uploads\/2026\/05\/urho_julistepic_clip-839x1024.jpg 839w, https:\/\/urho.org\/wp-content\/uploads\/2026\/05\/urho_julistepic_clip-246x300.jpg 246w, https:\/\/urho.org\/wp-content\/uploads\/2026\/05\/urho_julistepic_clip-768x937.jpg 768w, https:\/\/urho.org\/wp-content\/uploads\/2026\/05\/urho_julistepic_clip.jpg 1064w\" sizes=\"auto, (max-width: 839px) 100vw, 839px\" \/><\/figure>\n<\/div>\n<\/div>\n\n\n\n<p class=\"has-medium-font-size\"><strong>B\u00e4ndin j\u00e4senet<\/strong><\/p>\n\n\n\n<p class=\"has-medium-font-size\"><strong>Markku<\/strong> on b\u00e4ndin tulisieluinen kitaristi ja laulaja, jonka k\u00e4siala kuuluu vahvasti b\u00e4ndin tuotannossa. S\u00e4hk\u00f6kitarat soivat komeasti ja hienolta kuulostavat  my\u00f6s akustiset kitarat Markun hyppysiss\u00e4. Omistaa b\u00e4ndin suurimman lehtikokoelman eli Guitar Playerin vuosikertoja l\u00f6ytyy miehelt\u00e4 hyllykaupalla,<\/p>\n\n\n\n<p class=\"has-medium-font-size\"><strong>Satu<\/strong> on sielukas vokalisti, joka taitaa my\u00f6s s\u00e4hk\u00f6viulun soitannan siin\u00e4 miss\u00e4 laulut ja stemmatkin. Satu hallitsee my\u00f6s akustisen kitaran soiton ja tarttuu tilaisuuden tullen my\u00f6s monenlaisiin perkussioihin. Satu on my\u00f6s ehk\u00e4 b\u00e4ndin suurin fani ja on aina omimmillaan keikoilla.<\/p>\n\n\n\n<p class=\"has-medium-font-size\"><strong>Tomi <\/strong>on b\u00e4ndin  rumpali ja rytmiryhm\u00e4n selk\u00e4ranka. Soittajalta l\u00f6ytyy komppi, fillit ja groove joka l\u00e4ht\u00f6\u00f6n herkist\u00e4 hetkist\u00e4 hurjiin nostatuksiin. Kalustona l\u00f6ytyy parikin kovan luokan rumpusetti\u00e4, vaikka toisinaan istahtaa cajonin p\u00e4\u00e4lle akustisissa numeroissa. Omistaa b\u00e4ndin suurimman vinyylilevykokoelman.<\/p>\n\n\n\n<p class=\"has-medium-font-size\"><strong>Pasi <\/strong>vastaa b\u00e4ndin bassosoundeista mutta hypp\u00e4\u00e4 my\u00f6s mielell\u00e4\u00e4n koskettimien \u00e4\u00e4reen. Basson lis\u00e4ksi kyyti\u00e4 saavat v\u00e4lil\u00e4 my\u00f6s Fender Rhodes -piano, uudemmat Hammondit tai Moogin bassopedaalit. Omistaa b\u00e4ndin suurimman etnisten soittimien kokoelman.<\/p>\n\n\n\n<figure class=\"wp-block-image size-large\"><img loading=\"lazy\" decoding=\"async\" width=\"1024\" height=\"124\" src=\"https:\/\/urho.org\/wp-content\/uploads\/2026\/05\/urhowidepic8-1024x124.jpg\" alt=\"\" class=\"wp-image-41\" srcset=\"https:\/\/urho.org\/wp-content\/uploads\/2026\/05\/urhowidepic8-1024x124.jpg 1024w, https:\/\/urho.org\/wp-content\/uploads\/2026\/05\/urhowidepic8-300x36.jpg 300w, https:\/\/urho.org\/wp-content\/uploads\/2026\/05\/urhowidepic8-768x93.jpg 768w, https:\/\/urho.org\/wp-content\/uploads\/2026\/05\/urhowidepic8-1536x186.jpg 1536w, https:\/\/urho.org\/wp-content\/uploads\/2026\/05\/urhowidepic8-2048x247.jpg 2048w\" sizes=\"auto, (max-width: 1024px) 100vw, 1024px\" \/><\/figure>\n\n\n\n<p class=\"has-small-font-size\">\u00a9<em>&nbsp;<\/em>Urho 2003 &#8211; 2026<\/p>\n","protected":false},"excerpt":{"rendered":"<p>Urho perustettiin vuonna 1996, kun sukulaissielut Markku, Tomi, Satu ja Pasi-Pekka Rossi aloittivat yhteisen musiikillisen taipaleen Kouvolassa Alusta alkaen b\u00e4ndi p\u00e4\u00e4tti keskitty\u00e4 oman musiikin tekemiseen ja soittamiseen ja vaikka b\u00e4ndi on ajoittain ottanut repertuaariinsa my\u00f6s lainabiisej\u00e4, oma materiaali on pysynyt soiton ytimess\u00e4 kaikki vuodet. Tyylisuunnissa kuuluu b\u00e4ndin moninaiset vaikutteet niin rockin, bluesin, progen, jazzin kuin [&hellip;]<\/p>\n","protected":false},"author":1,"featured_media":0,"parent":0,"menu_order":0,"comment_status":"closed","ping_status":"closed","template":"","meta":{"footnotes":""},"class_list":["post-90","page","type-page","status-publish","hentry"],"_links":{"self":[{"href":"https:\/\/urho.org\/index.php?rest_route=\/wp\/v2\/pages\/90","targetHints":{"allow":["GET"]}}],"collection":[{"href":"https:\/\/urho.org\/index.php?rest_route=\/wp\/v2\/pages"}],"about":[{"href":"https:\/\/urho.org\/index.php?rest_route=\/wp\/v2\/types\/page"}],"author":[{"embeddable":true,"href":"https:\/\/urho.org\/index.php?rest_route=\/wp\/v2\/users\/1"}],"replies":[{"embeddable":true,"href":"https:\/\/urho.org\/index.php?rest_route=%2Fwp%2Fv2%2Fcomments&post=90"}],"version-history":[{"count":8,"href":"https:\/\/urho.org\/index.php?rest_route=\/wp\/v2\/pages\/90\/revisions"}],"predecessor-version":[{"id":126,"href":"https:\/\/urho.org\/index.php?rest_route=\/wp\/v2\/pages\/90\/revisions\/126"}],"wp:attachment":[{"href":"https:\/\/urho.org\/index.php?rest_route=%2Fwp%2Fv2%2Fmedia&parent=90"}],"curies":[{"name":"wp","href":"https:\/\/api.w.org\/{rel}","templated":true}]}}